{"id":5987,"date":"2020-02-13T19:11:16","date_gmt":"2020-02-13T16:11:16","guid":{"rendered":"https:\/\/2024.dokstation.ro\/concerte\/"},"modified":"2024-08-28T11:25:08","modified_gmt":"2024-08-28T08:25:08","slug":"concerts","status":"publish","type":"page","link":"https:\/\/2024.dokstation.ro\/en\/concerts\/","title":{"rendered":"Concerts"},"content":{"rendered":"<div class=\"wpb-content-wrapper\"><p>[vc_row full_width=&#8221;stretch_row_content&#8221; css=&#8221;.vc_custom_1724580749866{margin-bottom: 90px !important;border-bottom-width: 1px !important;padding-bottom: 37px !important;border-bottom-style: solid !important;border-color: rgba(0,0,0,0.1) !important;}&#8221;][vc_column width=&#8221;1\/6&#8243;][\/vc_column][vc_column width=&#8221;1\/3&#8243; css=&#8221;.vc_custom_1724582223290{padding-top: 50px !important;padding-right: 50px !important;padding-bottom: 50px !important;padding-left: 50px !important;}&#8221;]<div class=\"gt-image gt-align-center\"><img loading=\"lazy\" decoding=\"async\" width=\"1417\" height=\"1984\" src=\"https:\/\/2024.dokstation.ro\/wp-content\/uploads\/2024\/08\/afis-fulu-miziki.jpg\" class=\"attachment-full size-full\" alt=\"\" srcset=\"https:\/\/2024.dokstation.ro\/wp-content\/uploads\/2024\/08\/afis-fulu-miziki.jpg 1417w, https:\/\/2024.dokstation.ro\/wp-content\/uploads\/2024\/08\/afis-fulu-miziki-214x300.jpg 214w, https:\/\/2024.dokstation.ro\/wp-content\/uploads\/2024\/08\/afis-fulu-miziki-731x1024.jpg 731w, https:\/\/2024.dokstation.ro\/wp-content\/uploads\/2024\/08\/afis-fulu-miziki-768x1075.jpg 768w, https:\/\/2024.dokstation.ro\/wp-content\/uploads\/2024\/08\/afis-fulu-miziki-1097x1536.jpg 1097w, https:\/\/2024.dokstation.ro\/wp-content\/uploads\/2024\/08\/afis-fulu-miziki-600x840.jpg 600w\" sizes=\"auto, (max-width: 1417px) 100vw, 1417px\" \/><\/div>[vc_empty_space]<div class=\"gt-button gt-style-1 gt-block gt-light gt-align-center\"><a href=\"https:\/\/bit.ly\/Dok8_FuluMiziki\" target=\"_blank\" rel=\"noopener\">BUY TICKET - Eventbook<\/a><\/div>[\/vc_column][vc_column width=&#8221;1\/3&#8243; css=&#8221;.vc_custom_1693822463402{padding-top: 10px !important;padding-right: 10px !important;padding-bottom: 10px !important;padding-left: 20px !important;}&#8221;]<div class=\"gt-heading gt-style-1 gt-light gt-align-left\"><div class=\"gt-subtitle\">Control Club | 19.09<\/div><h1 class=\"gt-title\">FULU MIZIKI (Congo) live<\/h1><\/div>[vc_empty_space]<div class=\"gt-button gt-style-1 gt-block gt-light gt-align-left\"><a href=\"https:\/\/bit.ly\/Dok8_FuluMiziki\" target=\"_blank\" rel=\"noopener\">BUY TICKET - Eventbook<\/a><\/div>[vc_empty_space][vc_column_text css=&#8221;&#8221;]<span style=\"font-weight: 400;\">Congolese afro-futuristic punk sensation <\/span><a href=\"https:\/\/www.youtube.com\/watch?v=AXMw7MCqpd0\" target=\"_blank\" rel=\"noopener\"><b>Fulu Miziki<\/b><\/a><span style=\"font-weight: 400;\"> return to Romania and will perform for the first time in Bucharest \u2013 Thursday, September 19 at <\/span><a href=\"https:\/\/www.control-club.ro\/\" target=\"_blank\" rel=\"noopener\"><b>Control Club<\/b><\/a><span style=\"font-weight: 400;\"> \u2013 as part of the 8th edition of <\/span><b>DokStation Music Documentary Film Festival<\/b><span style=\"font-weight: 400;\">.<\/span><\/p>\n<p><span style=\"font-weight: 400;\">Tickets are now available via <\/span><strong><a href=\"https:\/\/bit.ly\/Dok8_FuluMiziki\" target=\"_blank\" rel=\"noopener\">Eventbook<\/a><\/strong><span style=\"font-weight: 400;\">.<\/span><\/p>\n<p><span style=\"font-weight: 400;\">Fulu Miziki roughly translates as \u201cmusic from garbage\u201d which is in a literal sense is an accurate description of the thrillingly chaotic Eco-Friendly-Afro-futuristic-Punk-Assemble collective of artists who comes straight from a future where humans have reconciled with mother earth and with themselves. This multidisciplinary collective of artists is based in the heart of Africa, in the Congolese capital city Kinshasa. For several years now, it\u2019s members have spent an amount of time conceptualizing an orchestra made from objects found in the trash, constantly changing instruments, and always in search of new sounds.<\/span><\/p>\n<p><span style=\"font-weight: 400;\">Making their own instruments, performance costumes, and mask is essential to the approach of Fulu Miziki\u2019s musical core ideology. Their unique sound supports a pan-African message of artistic liberation, peace and a severe look at the ecological situation of the Democratic Republic of Congo and the whole world. For Fulu everything can be recovered and re-enchanted.<\/span><\/p>\n<p><strong><a href=\"https:\/\/fulumiziki.bandcamp.com\" target=\"_blank\" rel=\"noopener\">fulumiziki.bandcamp.com<\/a>\u00a0<\/strong><\/p>\n<p><span style=\"font-weight: 400;\">Fulu Miziki \u2013 Pieteron (video) : <\/span><a href=\"https:\/\/youtu.be\/AXMw7MCqpd0\" target=\"_blank\" rel=\"noopener\"><span style=\"font-weight: 400;\">https:\/\/youtu.be\/AXMw7MCqpd0<\/span><\/a><\/p>\n<p><i><span style=\"font-weight: 400;\">&#8220;Known for elaborate handmade instruments and stage costumes, the veteran Congolese eco-punks Fulu Miziki have amassed an international following for their industrious take on the region\u2019s \u201crumba\u201d\u2014guitar-driven big-band music inspired by Afro-Cuban sounds.&#8221; \u2013 <\/span><\/i><b><i>Pitchfork\u00a0<\/i><\/b><\/p>\n<p><i><span style=\"font-weight: 400;\">&#8220;We like the sound of PVC tubing: Fulu Miziki, the band who make music out of trash&#8221; \u2013 <\/span><\/i><b><i>The Guardian\u00a0<\/i><\/b>[\/vc_column_text][\/vc_column][vc_column width=&#8221;1\/6&#8243;][\/vc_column][\/vc_row][vc_row full_width=&#8221;stretch_row_content&#8221; css=&#8221;.vc_custom_1724832915308{margin-bottom: 90px !important;border-bottom-width: 1px !important;padding-bottom: 37px !important;border-bottom-style: solid !important;border-color: rgba(0,0,0,0.1) !important;}&#8221;][vc_column width=&#8221;1\/6&#8243;][\/vc_column][vc_column width=&#8221;1\/3&#8243; css=&#8221;.vc_custom_1693822463402{padding-top: 10px !important;padding-right: 10px !important;padding-bottom: 10px !important;padding-left: 20px !important;}&#8221;]<div class=\"gt-heading gt-style-1 gt-light gt-align-left\"><div class=\"gt-subtitle\">Control Club | 21.09<\/div><h1 class=\"gt-title\">Liraz (Iran) live<\/h1><\/div>[vc_empty_space]<div class=\"gt-button gt-style-1 gt-block gt-light gt-align-left\"><a href=\"https:\/\/bit.ly\/Dok8_Liraz\" target=\"_blank\" rel=\"noopener\">BUY TICKET - Eventbook<\/a><\/div>[vc_empty_space][vc_column_text css=&#8221;&#8221;]<\/p>\n<p class=\"p1\">The queen of Persian electro-pop <a href=\"https:\/\/youtu.be\/swcMi1RS-7c\" target=\"_blank\" rel=\"noopener\"><span class=\"s1\"><b>Liraz<\/b><\/span><\/a><b> <\/b>will perform for the first time in Bucharest \u2013 Saturday, <b>September 21<\/b> at <a href=\"https:\/\/www.control-club.ro\/\" target=\"_blank\" rel=\"noopener\"><span class=\"s1\"><b>Control Club<\/b><\/span><\/a> \u2013 as part of <b>DokStation Music Documentary Film Festival<\/b>\u2019s 8th edition.<\/p>\n<p class=\"p1\">Singer, songwriter and actress <a href=\"https:\/\/lirazzan.bandcamp.com\" target=\"_blank\" rel=\"noopener\"><span class=\"s1\"><b>Liraz<\/b><\/span><\/a> has taken her shimmering electro-pop underground. She\u2019s turned it into something dangerous and even more beautiful than before.<\/p>\n<p class=\"p1\">The new third album from award-winning Israeli-Persian singer Liraz is an invitation to dream. Anthems, love ballads, glittery Middle Eastern dance tunes\u2026 a collection of 11 tracks that enrich that signature blend of tradi-modern rhythms and retro-Persian sonics, <i>Roya <\/i>(\u2018fantasy\u2019 in Farsi) is music as a magic portal, an arched gateway to a place of peace, joy and unfettered, chador-waving freedom.<\/p>\n<p class=\"p1\"><i>&#8220;With its combination of traditional Persian instruments, primitive electronics and Liraz\u2019s dramatic delivery in Farsi, \u2018Zan&#8217; is a glimpse into another world.\u201d &#8211; The Times<\/i><\/p>\n<p class=\"p1\"><i>&#8220;Filled with electro-dance tracks that revive and remix a 1970s era remembered for a lively Iranian pop scene.\u201d &#8211; The Guardian<\/i><\/p>\n<p class=\"p1\"><i>\u201cA mix of bleeding-edge warped pop and traditional Persian instruments and, in some cases, melodies.\u201d &#8211; Financial Times<\/i><\/p>\n<p class=\"p2\"><span class=\"s2\"><a href=\"https:\/\/lirazzan.bandcamp.com\" target=\"_blank\" rel=\"noopener\">https:\/\/lirazzan.bandcamp.com<\/a><\/span><\/p>\n<p class=\"p2\"><span class=\"s3\">Liraz \u2013 Enerjy : <a href=\"https:\/\/youtu.be\/swcMi1RS-7c\" target=\"_blank\" rel=\"noopener\"><span class=\"s1\">https:\/\/youtu.be\/swcMi1RS-7c<\/span><\/a><\/span><\/p>\n<p>[\/vc_column_text][\/vc_column][vc_column width=&#8221;1\/3&#8243; css=&#8221;.vc_custom_1724582223290{padding-top: 50px !important;padding-right: 50px !important;padding-bottom: 50px !important;padding-left: 50px !important;}&#8221;]<div class=\"gt-image gt-align-center\"><img loading=\"lazy\" decoding=\"async\" width=\"1000\" height=\"1400\" src=\"https:\/\/2024.dokstation.ro\/wp-content\/uploads\/2024\/08\/afis-lizar-copy.jpg\" class=\"attachment-full size-full\" alt=\"\" srcset=\"https:\/\/2024.dokstation.ro\/wp-content\/uploads\/2024\/08\/afis-lizar-copy.jpg 1000w, https:\/\/2024.dokstation.ro\/wp-content\/uploads\/2024\/08\/afis-lizar-copy-214x300.jpg 214w, https:\/\/2024.dokstation.ro\/wp-content\/uploads\/2024\/08\/afis-lizar-copy-731x1024.jpg 731w, https:\/\/2024.dokstation.ro\/wp-content\/uploads\/2024\/08\/afis-lizar-copy-768x1075.jpg 768w, https:\/\/2024.dokstation.ro\/wp-content\/uploads\/2024\/08\/afis-lizar-copy-600x840.jpg 600w\" sizes=\"auto, (max-width: 1000px) 100vw, 1000px\" \/><\/div>[vc_empty_space]<div class=\"gt-button gt-style-1 gt-block gt-light gt-align-left\"><a href=\"https:\/\/bit.ly\/Dok8_Liraz\" target=\"_blank\" rel=\"noopener\">BUY TICKET - Eventbook<\/a><\/div>[\/vc_column][vc_column width=&#8221;1\/6&#8243;][\/vc_column][\/vc_row][vc_row full_width=&#8221;stretch_row_content&#8221; disable_element=&#8221;yes&#8221; css=&#8221;.vc_custom_1711978412277{margin-bottom: 90px !important;border-bottom-width: 1px !important;padding-bottom: 37px !important;border-bottom-color: rgba(0,0,0,0.1) !important;border-bottom-style: solid !important;}&#8221;][vc_column width=&#8221;1\/6&#8243;][\/vc_column][vc_column width=&#8221;1\/3&#8243; css=&#8221;.vc_custom_1693822030624{padding-top: 10px !important;padding-right: 10px !important;padding-bottom: 10px !important;padding-left: 10px !important;}&#8221;]<div class=\"gt-heading gt-style-1 gt-light gt-align-left\"><div class=\"gt-subtitle\">22 SEPTEMBRIE - CLUB CONTROL<\/div><h1 class=\"gt-title\">Lalalar<\/h1><\/div>[vc_empty_space][vc_column_text]Puternic influen\u021ba\u021bi de rock-ul psihedelic anatolian al anilor &#8217;70, dar \u0219i de muzica optzecist\u0103 \u0219i dark-wave-ul omniprezent \u00een underground-ul din Istanbul,\u00a0<a href=\"https:\/\/lalalar.net\/\" target=\"_blank\" rel=\"noopener\"><strong>Lalalar<\/strong><\/a><strong>\u00a0<\/strong>c\u00e2nt\u0103 \u00eempreun\u0103 din 2018.<\/p>\n<p>Dup\u0103 apari\u021bii de succes \u00een festivaluri europene (Le Guess Who, Trans Musicales), trio-ul a lansat anul trecut albumul de debut,\u00a0<a href=\"https:\/\/open.spotify.com\/album\/1mquqLFUgoWjvIht7pWb9V?si=l_5-d8LgQHaF2uuWfK3TfQ\" target=\"_blank\" rel=\"noopener\"><strong><em>Bi Cinnete Bakar<\/em><\/strong><\/a>, un mix inedit de energie punk, muzic\u0103 electronic\u0103 \u0219i instrumente tradi\u021bionale.<\/p>\n<p>La fel cum scena punk din Marea Britanie a fost alimentat\u0103 \u00een anii \u201970 de revolta tinerilor fa\u021b\u0103 de politicile conservatoare ale lui Margaret Thatcher, tineretul din Turcia lui Erdo\u011fan este mereu \u00een c\u0103utare de noi mijloace de expresie prin muzic\u0103: \u201eDin underground \u0219i p\u00e2n\u0103 \u00een cluburile posh, publicul este mereu prezent pentru actele artistice originale\u201d, spune \u015eim\u015fek.[\/vc_column_text][\/vc_column][vc_column width=&#8221;1\/3&#8243; css=&#8221;.vc_custom_1693822020173{padding-top: 10px !important;padding-right: 10px !important;padding-bottom: 10px !important;padding-left: 10px !important;}&#8221;]<div class=\"gt-image gt-align-left\"><img loading=\"lazy\" decoding=\"async\" width=\"869\" height=\"477\" src=\"https:\/\/2024.dokstation.ro\/wp-content\/uploads\/2023\/09\/lalalar.jpg\" class=\"attachment-full size-full\" alt=\"\" srcset=\"https:\/\/2024.dokstation.ro\/wp-content\/uploads\/2023\/09\/lalalar.jpg 869w, https:\/\/2024.dokstation.ro\/wp-content\/uploads\/2023\/09\/lalalar-300x165.jpg 300w, https:\/\/2024.dokstation.ro\/wp-content\/uploads\/2023\/09\/lalalar-768x422.jpg 768w, https:\/\/2024.dokstation.ro\/wp-content\/uploads\/2023\/09\/lalalar-600x329.jpg 600w\" sizes=\"auto, (max-width: 869px) 100vw, 869px\" \/><\/div>[vc_empty_space]<div class=\"gt-button gt-style-1 gt-block gt-light gt-align-center\"><a href=\"https:\/\/bit.ly\/Dok7_Lalalar\" target=\"_blank\" rel=\"noopener\">Cump\u0103r\u0103 Bilet - Eventbook<\/a><\/div>[\/vc_column][vc_column width=&#8221;1\/6&#8243;][\/vc_column][\/vc_row][vc_row disable_element=&#8221;yes&#8221; css=&#8221;.vc_custom_1662390172092{margin-bottom: 125px !important;}&#8221;][vc_column][vc_row_inner css=&#8221;.vc_custom_1581700925392{margin-bottom: 120px !important;}&#8221;][vc_column_inner offset=&#8221;vc_col-lg-2 vc_col-md-2 vc_col-xs-12&#8243;][\/vc_column_inner][vc_column_inner offset=&#8221;vc_col-lg-8 vc_col-md-8 vc_col-xs-12&#8243;]<div class=\"gt-heading gt-style-3 gt-light gt-align-center\"><div class=\"gt-subtitle\">Our Partners<\/div><h3 class=\"gt-title\">We are happy to work and share creative vision with international partners such as:<\/h3><\/div>[\/vc_column_inner][vc_column_inner offset=&#8221;vc_col-lg-2 vc_col-md-2 vc_col-xs-12&#8243;][\/vc_column_inner][\/vc_row_inner]<div class=\"gt-logos gt-style-1\"><div class=\"gt-grid gt-grid-5 gt-spacing-20\"><div class=\"gt-grid-col\"><div class=\"gt-item gt-opacity gt-grayscale\"><a href=\"http:\/\/gloriathemes.com\/\" target=\"_blank\" rel=\"noopener\"><img loading=\"lazy\" decoding=\"async\" width=\"145\" height=\"145\" src=\"https:\/\/2024.dokstation.ro\/wp-content\/uploads\/2020\/02\/logos-1.png\" class=\"attachment-full size-full\" alt=\"\" srcset=\"https:\/\/2024.dokstation.ro\/wp-content\/uploads\/2020\/02\/logos-1.png 145w, https:\/\/2024.dokstation.ro\/wp-content\/uploads\/2020\/02\/logos-1-100x100.png 100w\" sizes=\"auto, (max-width: 145px) 100vw, 145px\" \/><\/a><\/div><\/div><div class=\"gt-grid-col\"><div class=\"gt-item gt-opacity gt-grayscale\"><a href=\"http:\/\/gloriathemes.com\/\" target=\"_blank\" rel=\"noopener\"><img loading=\"lazy\" decoding=\"async\" width=\"145\" height=\"145\" src=\"https:\/\/2024.dokstation.ro\/wp-content\/uploads\/2020\/02\/logos-2.png\" class=\"attachment-full size-full\" alt=\"\" srcset=\"https:\/\/2024.dokstation.ro\/wp-content\/uploads\/2020\/02\/logos-2.png 145w, https:\/\/2024.dokstation.ro\/wp-content\/uploads\/2020\/02\/logos-2-100x100.png 100w\" sizes=\"auto, (max-width: 145px) 100vw, 145px\" \/><\/a><\/div><\/div><div class=\"gt-grid-col\"><div class=\"gt-item gt-opacity gt-grayscale\"><a href=\"http:\/\/gloriathemes.com\/\" target=\"_blank\" rel=\"noopener\"><\/a><\/div><\/div><div class=\"gt-grid-col\"><div class=\"gt-item gt-opacity gt-grayscale\"><a href=\"http:\/\/gloriathemes.com\/\" target=\"_blank\" rel=\"noopener\"><\/a><\/div><\/div><div class=\"gt-grid-col\"><div class=\"gt-item gt-opacity gt-grayscale\"><a href=\"http:\/\/gloriathemes.com\/\" target=\"_blank\" rel=\"noopener\"><\/a><\/div><\/div><div class=\"gt-grid-col\"><div class=\"gt-item gt-opacity gt-grayscale\"><a href=\"http:\/\/gloriathemes.com\/\" target=\"_blank\" rel=\"noopener\"><img loading=\"lazy\" decoding=\"async\" width=\"145\" height=\"145\" src=\"https:\/\/2024.dokstation.ro\/wp-content\/uploads\/2020\/02\/logos-6.png\" class=\"attachment-full size-full\" alt=\"\" srcset=\"https:\/\/2024.dokstation.ro\/wp-content\/uploads\/2020\/02\/logos-6.png 145w, https:\/\/2024.dokstation.ro\/wp-content\/uploads\/2020\/02\/logos-6-100x100.png 100w\" sizes=\"auto, (max-width: 145px) 100vw, 145px\" \/><\/a><\/div><\/div><div class=\"gt-grid-col\"><div class=\"gt-item gt-opacity gt-grayscale\"><a href=\"http:\/\/gloriathemes.com\/\" target=\"_blank\" rel=\"noopener\"><\/a><\/div><\/div><div class=\"gt-grid-col\"><div class=\"gt-item gt-opacity gt-grayscale\"><a href=\"http:\/\/gloriathemes.com\/\" target=\"_blank\" rel=\"noopener\"><img loading=\"lazy\" decoding=\"async\" width=\"145\" height=\"145\" src=\"https:\/\/2024.dokstation.ro\/wp-content\/uploads\/2020\/02\/logos-7.png\" class=\"attachment-full size-full\" alt=\"\" srcset=\"https:\/\/2024.dokstation.ro\/wp-content\/uploads\/2020\/02\/logos-7.png 145w, https:\/\/2024.dokstation.ro\/wp-content\/uploads\/2020\/02\/logos-7-100x100.png 100w\" sizes=\"auto, (max-width: 145px) 100vw, 145px\" \/><\/a><\/div><\/div><div class=\"gt-grid-col\"><div class=\"gt-item gt-opacity gt-grayscale\"><a href=\"http:\/\/gloriathemes.com\/\" target=\"_blank\" rel=\"noopener\"><\/a><\/div><\/div><div class=\"gt-grid-col\"><div class=\"gt-item gt-opacity gt-grayscale\"><a href=\"http:\/\/gloriathemes.com\/\" target=\"_blank\" rel=\"noopener\"><img loading=\"lazy\" decoding=\"async\" width=\"145\" height=\"145\" src=\"https:\/\/2024.dokstation.ro\/wp-content\/uploads\/2020\/02\/logos-10.png\" class=\"attachment-full size-full\" alt=\"\" srcset=\"https:\/\/2024.dokstation.ro\/wp-content\/uploads\/2020\/02\/logos-10.png 145w, https:\/\/2024.dokstation.ro\/wp-content\/uploads\/2020\/02\/logos-10-100x100.png 100w\" sizes=\"auto, (max-width: 145px) 100vw, 145px\" \/><\/a><\/div><\/div><\/div><\/div>[\/vc_column][\/vc_row][vc_row][vc_column][vc_empty_space height=&#8221;150px&#8221;][vc_text_separator title=&#8221;&#8221; css=&#8221;&#8221;][vc_empty_space height=&#8221;150px&#8221;][\/vc_column][\/vc_row][vc_row][vc_column][\/vc_column][\/vc_row]<\/p>\n<\/div>","protected":false},"excerpt":{"rendered":"<p>[vc_row full_width=&#8221;stretch_row_content&#8221; css=&#8221;.vc_custom_1724580749866{margin-bottom: 90px !important;border-bottom-width: 1px !important;padding-bottom: 37px !important;border-bottom-style: solid !important;border-color: rgba(0,0,0,0.1) !important;}&#8221;][vc_column width=&#8221;1\/6&#8243;][\/vc_column][vc_column width=&#8221;1\/3&#8243; css=&#8221;.vc_custom_1724582223290{padding-top: 50px !important;padding-right: 50px !important;padding-bottom: 50px !important;padding-left: 50px !important;}&#8221;][vc_empty_space][\/vc_column][vc_column width=&#8221;1\/3&#8243;&#8230;<\/p>\n","protected":false},"author":1,"featured_media":0,"parent":0,"menu_order":0,"comment_status":"closed","ping_status":"closed","template":"","meta":{"footnotes":""},"class_list":["post-5987","page","type-page","status-publish","hentry"],"_links":{"self":[{"href":"https:\/\/2024.dokstation.ro\/en\/wp-json\/wp\/v2\/pages\/5987","targetHints":{"allow":["GET"]}}],"collection":[{"href":"https:\/\/2024.dokstation.ro\/en\/wp-json\/wp\/v2\/pages"}],"about":[{"href":"https:\/\/2024.dokstation.ro\/en\/wp-json\/wp\/v2\/types\/page"}],"author":[{"embeddable":true,"href":"https:\/\/2024.dokstation.ro\/en\/wp-json\/wp\/v2\/users\/1"}],"replies":[{"embeddable":true,"href":"https:\/\/2024.dokstation.ro\/en\/wp-json\/wp\/v2\/comments?post=5987"}],"version-history":[{"count":11,"href":"https:\/\/2024.dokstation.ro\/en\/wp-json\/wp\/v2\/pages\/5987\/revisions"}],"predecessor-version":[{"id":6909,"href":"https:\/\/2024.dokstation.ro\/en\/wp-json\/wp\/v2\/pages\/5987\/revisions\/6909"}],"wp:attachment":[{"href":"https:\/\/2024.dokstation.ro\/en\/wp-json\/wp\/v2\/media?parent=5987"}],"curies":[{"name":"wp","href":"https:\/\/api.w.org\/{rel}","templated":true}]}}